{"id":8131,"date":"2020-08-25T10:37:48","date_gmt":"2020-08-25T08:37:48","guid":{"rendered":"https:\/\/www.valpineta.eu\/?page_id=8131"},"modified":"2024-05-05T16:23:46","modified_gmt":"2024-05-05T14:23:46","slug":"les-excursions","status":"publish","type":"page","link":"https:\/\/www.valpineta.eu\/fr\/les-excursions\/","title":{"rendered":"Excursion"},"content":{"rendered":"\n<h1>\n\t\tExcursions\n\t<\/h1>\n\t<p>Sur ce site, nous pr\u00e9sentons quelques randonn\u00e9es classiques, bien balis\u00e9es, sur des chemins ou des pistes.<\/p>\n<p>Nous proposons \u00e9galement des itin\u00e9raires peu balis\u00e9s et peu fr\u00e9quent\u00e9s. Une \u00ab\u00a0difficult\u00e9 d&rsquo;orientation\u00a0\u00bb de 3 \u00e0 5 n\u00e9cessitera une interpr\u00e9tation du paysage et une prise de d\u00e9cision.<\/p>\n<p>M\u00eame avec un track dans la poche&#8230;<\/p>\nC&rsquo;est l&rsquo;un des charmes des activit\u00e9s de montagne. Les r\u00eaver, les pr\u00e9parer et une fois sur place, douter et d\u00e9cider. En \u00e9changeant avec ses compagnons.<br \/>\nSouvent, nous devrons r\u00e9agir \u00e0 l&rsquo;inattendu&#8230; Un chemin inaccessible, un changement de temps, une plaque de glace, un ami qui n&rsquo;est pas tr\u00e8s en forme. Dans un environnement comme la montagne, l&rsquo;inattendu n&rsquo;est pas du tout improbable.\n<p>N&rsquo;h\u00e9sitez pas \u00e0 consulter la m\u00e9t\u00e9o, l&rsquo;\u00e9tat de la montagne ou des itin\u00e9raires et \u00e0 appeler le refuge pour toute question \u00e0 ce sujet&#8230;<\/p>\n<p><strong>Soyez prudents, la montagne peut attendre !<\/strong><\/p>\n\t<p><em>Classification des excursions : <\/em><a href=\"https:\/\/www.montanasegura.com\/MIDE\/manualMIDE.pdf\" rel=\"nofollow ugc\"><em>https:\/\/www.montanasegura.com\/MIDE\/manualMIDE.pdf<\/em><\/a><\/p>\n\t\t\t<a href=\"https:\/\/montanasegura.com\/senderismo-con-seguridad\/\" target=\"_blank\" role=\"button\" rel=\"noopener\">\n\t\t\t\t\t\tRandonner en s\u00e9curit\u00e9 &#8211; Monta\u00f1a Segura (en espagnol) \n\t\t\t\t\t<\/a>\n\t\t\t<a href=\"https:\/\/www.ffcam.fr\/recommandations-pratiques.html\" target=\"_blank\" role=\"button\" rel=\"noopener\">\n\t\t\t\t\t\t\tRecommandations FFCAM \n\t\t\t\t\t<\/a>\n\n","protected":false},"excerpt":{"rendered":"<p>Excursions Sur ce site, nous pr\u00e9sentons quelques randonn\u00e9es classiques, bien balis\u00e9es, sur des chemins ou des pistes. Nous proposons \u00e9galement des itin\u00e9raires peu balis\u00e9s et peu fr\u00e9quent\u00e9s. Une \u00ab\u00a0difficult\u00e9 d&rsquo;orientation\u00a0\u00bb de 3 \u00e0 5 n\u00e9cessitera une interpr\u00e9tation du paysage et une prise de d\u00e9cision. M\u00eame avec un track dans la poche&#8230; C&rsquo;est l&rsquo;un des charmes&hellip;<\/p>\n","protected":false},"author":3,"featured_media":0,"parent":0,"menu_order":0,"comment_status":"closed","ping_status":"closed","template":"modele-excursion.php","meta":{"footnotes":""},"yoast_head":"<!-- This site is optimized with the Yoast SEO plugin v24.5 - https:\/\/yoast.com\/wordpress\/plugins\/seo\/ -->\n<title>Excursion - Refugio Pineta (Valpineta)<\/title>\n<meta name=\"robots\" content=\"index, follow, max-snippet:-1, max-image-preview:large, max-video-preview:-1\" \/>\n<link rel=\"canonical\" href=\"https:\/\/www.valpineta.eu\/fr\/les-excursions\/\" \/>\n<meta property=\"og:locale\" content=\"fr_FR\" \/>\n<meta property=\"og:type\" content=\"article\" \/>\n<meta property=\"og:title\" content=\"Excursion - Refugio Pineta (Valpineta)\" \/>\n<meta property=\"og:description\" content=\"Excursions Sur ce site, nous pr\u00e9sentons quelques randonn\u00e9es classiques, bien balis\u00e9es, sur des chemins ou des pistes. Nous proposons \u00e9galement des itin\u00e9raires peu balis\u00e9s et peu fr\u00e9quent\u00e9s. Une \u00ab\u00a0difficult\u00e9 d&rsquo;orientation\u00a0\u00bb de 3 \u00e0 5 n\u00e9cessitera une interpr\u00e9tation du paysage et une prise de d\u00e9cision. M\u00eame avec un track dans la poche&#8230; C&rsquo;est l&rsquo;un des charmes&hellip;\" \/>\n<meta property=\"og:url\" content=\"https:\/\/www.valpineta.eu\/fr\/les-excursions\/\" \/>\n<meta property=\"og:site_name\" content=\"Refugio Pineta (Valpineta)\" \/>\n<meta property=\"article:publisher\" content=\"https:\/\/www.facebook.com\/Refugio-d-Pineta-1689373461292734\/\" \/>\n<meta property=\"article:modified_time\" content=\"2024-05-05T14:23:46+00:00\" \/>\n<meta property=\"og:image\" content=\"https:\/\/www.valpineta.eu\/wp-content\/uploads\/2019\/12\/LOGO-copie-vert.jpg\" \/>\n\t<meta property=\"og:image:width\" content=\"751\" \/>\n\t<meta property=\"og:image:height\" content=\"216\" \/>\n\t<meta property=\"og:image:type\" content=\"image\/jpeg\" \/>\n<meta name=\"twitter:card\" content=\"summary_large_image\" \/>\n<meta name=\"twitter:label1\" content=\"Dur\u00e9e de lecture estim\u00e9e\" \/>\n\t<meta name=\"twitter:data1\" content=\"1 minute\" \/>\n<script type=\"application\/ld+json\" class=\"yoast-schema-graph\">{\"@context\":\"https:\/\/schema.org\",\"@graph\":[{\"@type\":\"WebPage\",\"@id\":\"https:\/\/www.valpineta.eu\/fr\/les-excursions\/\",\"url\":\"https:\/\/www.valpineta.eu\/fr\/les-excursions\/\",\"name\":\"Excursion - Refugio Pineta (Valpineta)\",\"isPartOf\":{\"@id\":\"https:\/\/www.valpineta.eu\/#website\"},\"datePublished\":\"2020-08-25T08:37:48+00:00\",\"dateModified\":\"2024-05-05T14:23:46+00:00\",\"breadcrumb\":{\"@id\":\"https:\/\/www.valpineta.eu\/fr\/les-excursions\/#breadcrumb\"},\"inLanguage\":\"fr-FR\",\"potentialAction\":[{\"@type\":\"ReadAction\",\"target\":[\"https:\/\/www.valpineta.eu\/fr\/les-excursions\/\"]}]},{\"@type\":\"BreadcrumbList\",\"@id\":\"https:\/\/www.valpineta.eu\/fr\/les-excursions\/#breadcrumb\",\"itemListElement\":[{\"@type\":\"ListItem\",\"position\":1,\"name\":\"Accueil\",\"item\":\"https:\/\/www.valpineta.eu\/fr\/\"},{\"@type\":\"ListItem\",\"position\":2,\"name\":\"Excursion\"}]},{\"@type\":\"WebSite\",\"@id\":\"https:\/\/www.valpineta.eu\/#website\",\"url\":\"https:\/\/www.valpineta.eu\/\",\"name\":\"Refugio Pineta (Valpineta)\",\"description\":\"Refugio Pineta : La porte de tes r\u00eaves, oses la franchir, et tu te trouveras\",\"publisher\":{\"@id\":\"https:\/\/www.valpineta.eu\/#organization\"},\"potentialAction\":[{\"@type\":\"SearchAction\",\"target\":{\"@type\":\"EntryPoint\",\"urlTemplate\":\"https:\/\/www.valpineta.eu\/?s={search_term_string}\"},\"query-input\":{\"@type\":\"PropertyValueSpecification\",\"valueRequired\":true,\"valueName\":\"search_term_string\"}}],\"inLanguage\":\"fr-FR\"},{\"@type\":\"Organization\",\"@id\":\"https:\/\/www.valpineta.eu\/#organization\",\"name\":\"Refugio Pineta\",\"url\":\"https:\/\/www.valpineta.eu\/\",\"logo\":{\"@type\":\"ImageObject\",\"inLanguage\":\"fr-FR\",\"@id\":\"https:\/\/www.valpineta.eu\/#\/schema\/logo\/image\/\",\"url\":\"https:\/\/www.valpineta.eu\/wp-content\/uploads\/2019\/12\/LOGO-copie-vert.jpg\",\"contentUrl\":\"https:\/\/www.valpineta.eu\/wp-content\/uploads\/2019\/12\/LOGO-copie-vert.jpg\",\"width\":751,\"height\":216,\"caption\":\"Refugio Pineta\"},\"image\":{\"@id\":\"https:\/\/www.valpineta.eu\/#\/schema\/logo\/image\/\"},\"sameAs\":[\"https:\/\/www.facebook.com\/Refugio-d-Pineta-1689373461292734\/\"]}]}<\/script>\n<!-- \/ Yoast SEO plugin. -->","yoast_head_json":{"title":"Excursion - Refugio Pineta (Valpineta)","robots":{"index":"index","follow":"follow","max-snippet":"max-snippet:-1","max-image-preview":"max-image-preview:large","max-video-preview":"max-video-preview:-1"},"canonical":"https:\/\/www.valpineta.eu\/fr\/les-excursions\/","og_locale":"fr_FR","og_type":"article","og_title":"Excursion - Refugio Pineta (Valpineta)","og_description":"Excursions Sur ce site, nous pr\u00e9sentons quelques randonn\u00e9es classiques, bien balis\u00e9es, sur des chemins ou des pistes. Nous proposons \u00e9galement des itin\u00e9raires peu balis\u00e9s et peu fr\u00e9quent\u00e9s. Une \u00ab\u00a0difficult\u00e9 d&rsquo;orientation\u00a0\u00bb de 3 \u00e0 5 n\u00e9cessitera une interpr\u00e9tation du paysage et une prise de d\u00e9cision. M\u00eame avec un track dans la poche&#8230; C&rsquo;est l&rsquo;un des charmes&hellip;","og_url":"https:\/\/www.valpineta.eu\/fr\/les-excursions\/","og_site_name":"Refugio Pineta (Valpineta)","article_publisher":"https:\/\/www.facebook.com\/Refugio-d-Pineta-1689373461292734\/","article_modified_time":"2024-05-05T14:23:46+00:00","og_image":[{"width":751,"height":216,"url":"https:\/\/www.valpineta.eu\/wp-content\/uploads\/2019\/12\/LOGO-copie-vert.jpg","type":"image\/jpeg"}],"twitter_card":"summary_large_image","twitter_misc":{"Dur\u00e9e de lecture estim\u00e9e":"1 minute"},"schema":{"@context":"https:\/\/schema.org","@graph":[{"@type":"WebPage","@id":"https:\/\/www.valpineta.eu\/fr\/les-excursions\/","url":"https:\/\/www.valpineta.eu\/fr\/les-excursions\/","name":"Excursion - Refugio Pineta (Valpineta)","isPartOf":{"@id":"https:\/\/www.valpineta.eu\/#website"},"datePublished":"2020-08-25T08:37:48+00:00","dateModified":"2024-05-05T14:23:46+00:00","breadcrumb":{"@id":"https:\/\/www.valpineta.eu\/fr\/les-excursions\/#breadcrumb"},"inLanguage":"fr-FR","potentialAction":[{"@type":"ReadAction","target":["https:\/\/www.valpineta.eu\/fr\/les-excursions\/"]}]},{"@type":"BreadcrumbList","@id":"https:\/\/www.valpineta.eu\/fr\/les-excursions\/#breadcrumb","itemListElement":[{"@type":"ListItem","position":1,"name":"Accueil","item":"https:\/\/www.valpineta.eu\/fr\/"},{"@type":"ListItem","position":2,"name":"Excursion"}]},{"@type":"WebSite","@id":"https:\/\/www.valpineta.eu\/#website","url":"https:\/\/www.valpineta.eu\/","name":"Refugio Pineta (Valpineta)","description":"Refugio Pineta : La porte de tes r\u00eaves, oses la franchir, et tu te trouveras","publisher":{"@id":"https:\/\/www.valpineta.eu\/#organization"},"potentialAction":[{"@type":"SearchAction","target":{"@type":"EntryPoint","urlTemplate":"https:\/\/www.valpineta.eu\/?s={search_term_string}"},"query-input":{"@type":"PropertyValueSpecification","valueRequired":true,"valueName":"search_term_string"}}],"inLanguage":"fr-FR"},{"@type":"Organization","@id":"https:\/\/www.valpineta.eu\/#organization","name":"Refugio Pineta","url":"https:\/\/www.valpineta.eu\/","logo":{"@type":"ImageObject","inLanguage":"fr-FR","@id":"https:\/\/www.valpineta.eu\/#\/schema\/logo\/image\/","url":"https:\/\/www.valpineta.eu\/wp-content\/uploads\/2019\/12\/LOGO-copie-vert.jpg","contentUrl":"https:\/\/www.valpineta.eu\/wp-content\/uploads\/2019\/12\/LOGO-copie-vert.jpg","width":751,"height":216,"caption":"Refugio Pineta"},"image":{"@id":"https:\/\/www.valpineta.eu\/#\/schema\/logo\/image\/"},"sameAs":["https:\/\/www.facebook.com\/Refugio-d-Pineta-1689373461292734\/"]}]}},"_links":{"self":[{"href":"https:\/\/www.valpineta.eu\/fr\/wp-json\/wp\/v2\/pages\/8131"}],"collection":[{"href":"https:\/\/www.valpineta.eu\/fr\/wp-json\/wp\/v2\/pages"}],"about":[{"href":"https:\/\/www.valpineta.eu\/fr\/wp-json\/wp\/v2\/types\/page"}],"author":[{"embeddable":true,"href":"https:\/\/www.valpineta.eu\/fr\/wp-json\/wp\/v2\/users\/3"}],"replies":[{"embeddable":true,"href":"https:\/\/www.valpineta.eu\/fr\/wp-json\/wp\/v2\/comments?post=8131"}],"version-history":[{"count":21,"href":"https:\/\/www.valpineta.eu\/fr\/wp-json\/wp\/v2\/pages\/8131\/revisions"}],"predecessor-version":[{"id":16186,"href":"https:\/\/www.valpineta.eu\/fr\/wp-json\/wp\/v2\/pages\/8131\/revisions\/16186"}],"wp:attachment":[{"href":"https:\/\/www.valpineta.eu\/fr\/wp-json\/wp\/v2\/media?parent=8131"}],"curies":[{"name":"wp","href":"https:\/\/api.w.org\/{rel}","templated":true}]}}