{"id":2633,"date":"2019-09-29T20:04:41","date_gmt":"2019-09-29T18:04:41","guid":{"rendered":"https:\/\/www.valpineta.eu\/?page_id=2633"},"modified":"2021-01-05T22:39:28","modified_gmt":"2021-01-05T21:39:28","slug":"cascades-de-glace-tunnel-entree-sud","status":"publish","type":"page","link":"https:\/\/www.valpineta.eu\/fr\/cascades-de-glace-tunnel-entree-sud\/","title":{"rendered":"Cascades de glace &#8211; Tunnel Entr\u00e9e Sud"},"content":{"rendered":"\n<h1>\n\t\tCascades \u00e0 l&rsquo;entr\u00e9e Sud du Tunnel de Bielsa\n\t<\/h1>\n\t\t\t\t<a href=\"https:\/\/www.valpineta.eu\/wp-content\/uploads\/2019\/10\/PLANO-BOCASUR-copie-1.jpg\" target=\"_self\" itemprop=\"url\" rel=\"noopener\">\n\t\t\t\t<img loading=\"lazy\" decoding=\"async\" src=\"https:\/\/www.valpineta.eu\/wp-content\/uploads\/2019\/10\/PLANO-BOCASUR-copie-1.jpg\" alt=\"PLANO BOCASUR copie\" itemprop=\"image\" height=\"592\" width=\"759\" title=\"PLANO BOCASUR copie\" onerror=\"this.style.display='none'\"  \/>\n\t\t\t\t<\/a>\n\t\n<ul>\n<li>Chorro de la Pinarra II\/4+ 50m<\/li>\n<li><a href=\"https:\/\/www.valpineta.eu\/fr\/escaladedeglace\/lagrimas-del-salcorz\/\">Lagrimas del Salcorz<\/a> II\/4+ 50m<\/li>\n<li><a href=\"https:\/\/www.valpineta.eu\/fr\/escaladedeglace\/luces-de-montana\/\">Luces de Monta\u00f1a<\/a> III\/3+ 350m<\/li>\n<li><a href=\"https:\/\/www.valpineta.eu\/fr\/escaladedeglace\/el-sueno-del-agua\/\">El sue\u00f1o del agua<\/a> II\/3+ 200m<\/li>\n<li><a href=\"https:\/\/www.valpineta.eu\/fr\/escaladedeglace\/ponte-el-neopreno\/\">Ponte el neopreno<\/a> III\/3+ 200m<\/li>\n<li><a href=\"https:\/\/www.valpineta.eu\/fr\/escaladedeglace\/cursi-yo\/\">Cursi yo ?<\/a> II\/3+ 350m<\/li>\n<li><a href=\"https:\/\/www.valpineta.eu\/fr\/escaladedeglace\/salcorz-cascada-dels-traidors\/\">Salcorz &#8211; Cascada dels Traidors<\/a> II\/3 300m<\/li>\n<li><a href=\"https:\/\/www.valpineta.eu\/fr\/escaladedeglace\/colera-de-dios\/\">C\u00f3lera de Dios<\/a> II\/4+ 300m<\/li>\n<\/ul>\n\n<ul>\n<li><a href=\"https:\/\/www.valpineta.eu\/fr\/escaladedeglace\/el-gran-salto-del-sarrio\/\">El gran salto del sarrio<\/a> III\/4+ 175m<\/li>\n<li><a href=\"https:\/\/www.valpineta.eu\/fr\/escaladedeglace\/xtr-16-soupapes\/\">XTR 16 soupapes<\/a> IV\/4+ 170m<\/li>\n<li><a href=\"https:\/\/www.valpineta.eu\/fr\/escaladedeglace\/central\/\">Central<\/a> V\/4+ 100m<\/li>\n<li><a href=\"https:\/\/www.valpineta.eu\/fr\/escaladedeglace\/el-ratoli-previsor\/\">El ratol\u00ed previsor<\/a> V\/4+ 100m<\/li>\n<li><a href=\"https:\/\/www.valpineta.eu\/fr\/escaladedeglace\/reivax-el-barbaro\/\">Reivax el b\u00e0rbaro<\/a> V\/4+ 170m<\/li>\n<li><a href=\"https:\/\/www.valpineta.eu\/fr\/escaladedeglace\/suspiro-de-cristal\/\">Suspiro de Cristal<\/a> II\/4+ 175m<\/li>\n<\/ul>\n\t\t\t<a href=\"https:\/\/pakocrestas.wordpress.com\/2020\/11\/07\/bielsa-boca-sur-cascadas-de-hielo\/\" target=\"_blank\" role=\"button\" rel=\"noopener\">\n\t\t\t\t\t\t\tWeb Pako Cresta &#8211; Cascadas Boca Sur\n\t\t\t\t\t<\/a>\n\n","protected":false},"excerpt":{"rendered":"<p>Cascades \u00e0 l&rsquo;entr\u00e9e Sud du Tunnel de Bielsa Chorro de la Pinarra II\/4+ 50m Lagrimas del Salcorz II\/4+ 50m Luces de Monta\u00f1a III\/3+ 350m El sue\u00f1o del agua II\/3+ 200m Ponte el neopreno III\/3+ 200m Cursi yo ? II\/3+ 350m Salcorz &#8211; Cascada dels Traidors II\/3 300m C\u00f3lera de Dios II\/4+ 300m El gran salto&hellip;<\/p>\n","protected":false},"author":2,"featured_media":0,"parent":0,"menu_order":0,"comment_status":"closed","ping_status":"closed","template":"","meta":{"footnotes":""},"yoast_head":"<!-- This site is optimized with the Yoast SEO plugin v24.5 - https:\/\/yoast.com\/wordpress\/plugins\/seo\/ -->\n<title>Cascades de glace - Tunnel Entr\u00e9e Sud - Refugio Pineta (Valpineta)<\/title>\n<meta name=\"description\" content=\"Description des cascades de glace de l&#039;entr\u00e9e sud du Tunnel de Bielsa : croquis, approximation et difficult\u00e9. Diff\u00e9rentes zones : Pinarra, Tunnel, Salcorz et Gotetas.\" \/>\n<meta name=\"robots\" content=\"index, follow, max-snippet:-1, max-image-preview:large, max-video-preview:-1\" \/>\n<link rel=\"canonical\" href=\"https:\/\/www.valpineta.eu\/fr\/cascades-de-glace-tunnel-entree-sud\/\" \/>\n<meta property=\"og:locale\" content=\"fr_FR\" \/>\n<meta property=\"og:type\" content=\"article\" \/>\n<meta property=\"og:title\" content=\"Cascades de glace - Tunnel Entr\u00e9e Sud - Refugio Pineta (Valpineta)\" \/>\n<meta property=\"og:description\" content=\"Description des cascades de glace de l&#039;entr\u00e9e sud du Tunnel de Bielsa : croquis, approximation et difficult\u00e9. Diff\u00e9rentes zones : Pinarra, Tunnel, Salcorz et Gotetas.\" \/>\n<meta property=\"og:url\" content=\"https:\/\/www.valpineta.eu\/fr\/cascades-de-glace-tunnel-entree-sud\/\" \/>\n<meta property=\"og:site_name\" content=\"Refugio Pineta (Valpineta)\" \/>\n<meta property=\"article:publisher\" content=\"https:\/\/www.facebook.com\/Refugio-d-Pineta-1689373461292734\/\" \/>\n<meta property=\"article:modified_time\" content=\"2021-01-05T21:39:28+00:00\" \/>\n<meta property=\"og:image\" content=\"https:\/\/www.valpineta.eu\/wp-content\/uploads\/2019\/10\/PLANO-BOCASUR-copie-1.jpg\" \/>\n<meta name=\"twitter:card\" content=\"summary_large_image\" \/>\n<script type=\"application\/ld+json\" class=\"yoast-schema-graph\">{\"@context\":\"https:\/\/schema.org\",\"@graph\":[{\"@type\":\"WebPage\",\"@id\":\"https:\/\/www.valpineta.eu\/fr\/cascades-de-glace-tunnel-entree-sud\/\",\"url\":\"https:\/\/www.valpineta.eu\/fr\/cascades-de-glace-tunnel-entree-sud\/\",\"name\":\"Cascades de glace - Tunnel Entr\u00e9e Sud - Refugio Pineta (Valpineta)\",\"isPartOf\":{\"@id\":\"https:\/\/www.valpineta.eu\/#website\"},\"primaryImageOfPage\":{\"@id\":\"https:\/\/www.valpineta.eu\/fr\/cascades-de-glace-tunnel-entree-sud\/#primaryimage\"},\"image\":{\"@id\":\"https:\/\/www.valpineta.eu\/fr\/cascades-de-glace-tunnel-entree-sud\/#primaryimage\"},\"thumbnailUrl\":\"https:\/\/www.valpineta.eu\/wp-content\/uploads\/2019\/10\/PLANO-BOCASUR-copie-1.jpg\",\"datePublished\":\"2019-09-29T18:04:41+00:00\",\"dateModified\":\"2021-01-05T21:39:28+00:00\",\"description\":\"Description des cascades de glace de l'entr\u00e9e sud du Tunnel de Bielsa : croquis, approximation et difficult\u00e9. Diff\u00e9rentes zones : Pinarra, Tunnel, Salcorz et Gotetas.\",\"breadcrumb\":{\"@id\":\"https:\/\/www.valpineta.eu\/fr\/cascades-de-glace-tunnel-entree-sud\/#breadcrumb\"},\"inLanguage\":\"fr-FR\",\"potentialAction\":[{\"@type\":\"ReadAction\",\"target\":[\"https:\/\/www.valpineta.eu\/fr\/cascades-de-glace-tunnel-entree-sud\/\"]}]},{\"@type\":\"ImageObject\",\"inLanguage\":\"fr-FR\",\"@id\":\"https:\/\/www.valpineta.eu\/fr\/cascades-de-glace-tunnel-entree-sud\/#primaryimage\",\"url\":\"https:\/\/www.valpineta.eu\/wp-content\/uploads\/2019\/10\/PLANO-BOCASUR-copie-1.jpg\",\"contentUrl\":\"https:\/\/www.valpineta.eu\/wp-content\/uploads\/2019\/10\/PLANO-BOCASUR-copie-1.jpg\"},{\"@type\":\"BreadcrumbList\",\"@id\":\"https:\/\/www.valpineta.eu\/fr\/cascades-de-glace-tunnel-entree-sud\/#breadcrumb\",\"itemListElement\":[{\"@type\":\"ListItem\",\"position\":1,\"name\":\"Accueil\",\"item\":\"https:\/\/www.valpineta.eu\/fr\/\"},{\"@type\":\"ListItem\",\"position\":2,\"name\":\"Cascades de glace &#8211; Tunnel Entr\u00e9e Sud\"}]},{\"@type\":\"WebSite\",\"@id\":\"https:\/\/www.valpineta.eu\/#website\",\"url\":\"https:\/\/www.valpineta.eu\/\",\"name\":\"Refugio Pineta (Valpineta)\",\"description\":\"Refugio Pineta : La porte de tes r\u00eaves, oses la franchir, et tu te trouveras\",\"publisher\":{\"@id\":\"https:\/\/www.valpineta.eu\/#organization\"},\"potentialAction\":[{\"@type\":\"SearchAction\",\"target\":{\"@type\":\"EntryPoint\",\"urlTemplate\":\"https:\/\/www.valpineta.eu\/?s={search_term_string}\"},\"query-input\":{\"@type\":\"PropertyValueSpecification\",\"valueRequired\":true,\"valueName\":\"search_term_string\"}}],\"inLanguage\":\"fr-FR\"},{\"@type\":\"Organization\",\"@id\":\"https:\/\/www.valpineta.eu\/#organization\",\"name\":\"Refugio Pineta\",\"url\":\"https:\/\/www.valpineta.eu\/\",\"logo\":{\"@type\":\"ImageObject\",\"inLanguage\":\"fr-FR\",\"@id\":\"https:\/\/www.valpineta.eu\/#\/schema\/logo\/image\/\",\"url\":\"https:\/\/www.valpineta.eu\/wp-content\/uploads\/2019\/12\/LOGO-copie-vert.jpg\",\"contentUrl\":\"https:\/\/www.valpineta.eu\/wp-content\/uploads\/2019\/12\/LOGO-copie-vert.jpg\",\"width\":751,\"height\":216,\"caption\":\"Refugio Pineta\"},\"image\":{\"@id\":\"https:\/\/www.valpineta.eu\/#\/schema\/logo\/image\/\"},\"sameAs\":[\"https:\/\/www.facebook.com\/Refugio-d-Pineta-1689373461292734\/\"]}]}<\/script>\n<!-- \/ Yoast SEO plugin. -->","yoast_head_json":{"title":"Cascades de glace - Tunnel Entr\u00e9e Sud - Refugio Pineta (Valpineta)","description":"Description des cascades de glace de l'entr\u00e9e sud du Tunnel de Bielsa : croquis, approximation et difficult\u00e9. Diff\u00e9rentes zones : Pinarra, Tunnel, Salcorz et Gotetas.","robots":{"index":"index","follow":"follow","max-snippet":"max-snippet:-1","max-image-preview":"max-image-preview:large","max-video-preview":"max-video-preview:-1"},"canonical":"https:\/\/www.valpineta.eu\/fr\/cascades-de-glace-tunnel-entree-sud\/","og_locale":"fr_FR","og_type":"article","og_title":"Cascades de glace - Tunnel Entr\u00e9e Sud - Refugio Pineta (Valpineta)","og_description":"Description des cascades de glace de l'entr\u00e9e sud du Tunnel de Bielsa : croquis, approximation et difficult\u00e9. Diff\u00e9rentes zones : Pinarra, Tunnel, Salcorz et Gotetas.","og_url":"https:\/\/www.valpineta.eu\/fr\/cascades-de-glace-tunnel-entree-sud\/","og_site_name":"Refugio Pineta (Valpineta)","article_publisher":"https:\/\/www.facebook.com\/Refugio-d-Pineta-1689373461292734\/","article_modified_time":"2021-01-05T21:39:28+00:00","og_image":[{"url":"https:\/\/www.valpineta.eu\/wp-content\/uploads\/2019\/10\/PLANO-BOCASUR-copie-1.jpg","type":"","width":"","height":""}],"twitter_card":"summary_large_image","schema":{"@context":"https:\/\/schema.org","@graph":[{"@type":"WebPage","@id":"https:\/\/www.valpineta.eu\/fr\/cascades-de-glace-tunnel-entree-sud\/","url":"https:\/\/www.valpineta.eu\/fr\/cascades-de-glace-tunnel-entree-sud\/","name":"Cascades de glace - Tunnel Entr\u00e9e Sud - Refugio Pineta (Valpineta)","isPartOf":{"@id":"https:\/\/www.valpineta.eu\/#website"},"primaryImageOfPage":{"@id":"https:\/\/www.valpineta.eu\/fr\/cascades-de-glace-tunnel-entree-sud\/#primaryimage"},"image":{"@id":"https:\/\/www.valpineta.eu\/fr\/cascades-de-glace-tunnel-entree-sud\/#primaryimage"},"thumbnailUrl":"https:\/\/www.valpineta.eu\/wp-content\/uploads\/2019\/10\/PLANO-BOCASUR-copie-1.jpg","datePublished":"2019-09-29T18:04:41+00:00","dateModified":"2021-01-05T21:39:28+00:00","description":"Description des cascades de glace de l'entr\u00e9e sud du Tunnel de Bielsa : croquis, approximation et difficult\u00e9. Diff\u00e9rentes zones : Pinarra, Tunnel, Salcorz et Gotetas.","breadcrumb":{"@id":"https:\/\/www.valpineta.eu\/fr\/cascades-de-glace-tunnel-entree-sud\/#breadcrumb"},"inLanguage":"fr-FR","potentialAction":[{"@type":"ReadAction","target":["https:\/\/www.valpineta.eu\/fr\/cascades-de-glace-tunnel-entree-sud\/"]}]},{"@type":"ImageObject","inLanguage":"fr-FR","@id":"https:\/\/www.valpineta.eu\/fr\/cascades-de-glace-tunnel-entree-sud\/#primaryimage","url":"https:\/\/www.valpineta.eu\/wp-content\/uploads\/2019\/10\/PLANO-BOCASUR-copie-1.jpg","contentUrl":"https:\/\/www.valpineta.eu\/wp-content\/uploads\/2019\/10\/PLANO-BOCASUR-copie-1.jpg"},{"@type":"BreadcrumbList","@id":"https:\/\/www.valpineta.eu\/fr\/cascades-de-glace-tunnel-entree-sud\/#breadcrumb","itemListElement":[{"@type":"ListItem","position":1,"name":"Accueil","item":"https:\/\/www.valpineta.eu\/fr\/"},{"@type":"ListItem","position":2,"name":"Cascades de glace &#8211; Tunnel Entr\u00e9e Sud"}]},{"@type":"WebSite","@id":"https:\/\/www.valpineta.eu\/#website","url":"https:\/\/www.valpineta.eu\/","name":"Refugio Pineta (Valpineta)","description":"Refugio Pineta : La porte de tes r\u00eaves, oses la franchir, et tu te trouveras","publisher":{"@id":"https:\/\/www.valpineta.eu\/#organization"},"potentialAction":[{"@type":"SearchAction","target":{"@type":"EntryPoint","urlTemplate":"https:\/\/www.valpineta.eu\/?s={search_term_string}"},"query-input":{"@type":"PropertyValueSpecification","valueRequired":true,"valueName":"search_term_string"}}],"inLanguage":"fr-FR"},{"@type":"Organization","@id":"https:\/\/www.valpineta.eu\/#organization","name":"Refugio Pineta","url":"https:\/\/www.valpineta.eu\/","logo":{"@type":"ImageObject","inLanguage":"fr-FR","@id":"https:\/\/www.valpineta.eu\/#\/schema\/logo\/image\/","url":"https:\/\/www.valpineta.eu\/wp-content\/uploads\/2019\/12\/LOGO-copie-vert.jpg","contentUrl":"https:\/\/www.valpineta.eu\/wp-content\/uploads\/2019\/12\/LOGO-copie-vert.jpg","width":751,"height":216,"caption":"Refugio Pineta"},"image":{"@id":"https:\/\/www.valpineta.eu\/#\/schema\/logo\/image\/"},"sameAs":["https:\/\/www.facebook.com\/Refugio-d-Pineta-1689373461292734\/"]}]}},"_links":{"self":[{"href":"https:\/\/www.valpineta.eu\/fr\/wp-json\/wp\/v2\/pages\/2633"}],"collection":[{"href":"https:\/\/www.valpineta.eu\/fr\/wp-json\/wp\/v2\/pages"}],"about":[{"href":"https:\/\/www.valpineta.eu\/fr\/wp-json\/wp\/v2\/types\/page"}],"author":[{"embeddable":true,"href":"https:\/\/www.valpineta.eu\/fr\/wp-json\/wp\/v2\/users\/2"}],"replies":[{"embeddable":true,"href":"https:\/\/www.valpineta.eu\/fr\/wp-json\/wp\/v2\/comments?post=2633"}],"version-history":[{"count":17,"href":"https:\/\/www.valpineta.eu\/fr\/wp-json\/wp\/v2\/pages\/2633\/revisions"}],"predecessor-version":[{"id":8977,"href":"https:\/\/www.valpineta.eu\/fr\/wp-json\/wp\/v2\/pages\/2633\/revisions\/8977"}],"wp:attachment":[{"href":"https:\/\/www.valpineta.eu\/fr\/wp-json\/wp\/v2\/media?parent=2633"}],"curies":[{"name":"wp","href":"https:\/\/api.w.org\/{rel}","templated":true}]}}