{"id":2612,"date":"2019-09-29T01:13:49","date_gmt":"2019-09-28T23:13:49","guid":{"rendered":"https:\/\/www.valpineta.eu\/?page_id=2612"},"modified":"2019-12-10T16:40:47","modified_gmt":"2019-12-10T15:40:47","slug":"cascades-dans-la-vallee-de-chisagues","status":"publish","type":"page","link":"https:\/\/www.valpineta.eu\/fr\/cascades-dans-la-vallee-de-chisagues\/","title":{"rendered":"Cascades dans la vall\u00e9e de Chisagu\u00e9s"},"content":{"rendered":"\r\n<h1>Cascades dans la vall\u00e9e de Chisag\u00fc\u00e9s<\/h1>\r\n<p><em><strong>La vall\u00e9e du Real est parall\u00e8le \u00e0 celle de Pineta. Au Nord. Moins profonde et prot\u00e9g\u00e9e par des sommets plus modestes, elle compte aussi moins de cascades. Elle propose toutefois d\u2019un large \u00e9ventail de possibilit\u00e9s en difficult\u00e9s et d\u00e9nivel\u00e9s. L\u2019approche moyenne est de moins d\u2019une heure, avec un faible niveau d\u2019exposition.<br \/><\/strong><\/em> <a href=\"https:\/\/www.valpineta.eu\/wp-content\/uploads\/2019\/10\/plano-chisagues-1.jpg\" target=\"_self\" rel=\"noopener noreferrer\"> <img loading=\"lazy\" decoding=\"async\" title=\"plano chisagues\" src=\"https:\/\/www.valpineta.eu\/wp-content\/uploads\/2019\/10\/plano-chisagues-1.jpg\" alt=\"plano chisagues\" width=\"668\" height=\"450\" \/> <\/a><\/p>\r\n<p><strong>Sector Petramula<\/strong><\/p>\r\n<ul>\r\n<li><a href=\"https:\/\/www.valpineta.eu\/fr\/escaladedeglace\/chisa-wey\/\">Chisa Wey<\/a> III\/5 110m (1h)<\/li>\r\n<li><a href=\"https:\/\/www.valpineta.eu\/fr\/escaladedeglace\/erika\/\">Erika<\/a> II\/4+ 40m (30min)<\/li>\r\n<li><a href=\"https:\/\/www.valpineta.eu\/fr\/escaladedeglace\/bombon-helao-resalte-coronetas\/\">Resalte Coronetas<\/a>-Bomb\u00f3n Helao- II\/3 35m<\/li>\r\n<\/ul>\r\n<p><strong>Sector Comodoto<\/strong><\/p>\r\n<ul>\r\n<li><a href=\"https:\/\/www.valpineta.eu\/fr\/escaladedeglace\/patowice\/\">Patowice<\/a> II\/4 40m<\/li>\r\n<li><a href=\"https:\/\/www.valpineta.eu\/fr\/escaladedeglace\/gordillito\/\">Gordillito<\/a> II\/3 50m<\/li>\r\n<li><a href=\"https:\/\/www.valpineta.eu\/fr\/escaladedeglace\/pachamama\/\">Pachamama<\/a> II\/6 6+ 80m<\/li>\r\n<li><a href=\"https:\/\/www.valpineta.eu\/fr\/escaladedeglace\/chichisagues\/\">Chichisag\u00fces<\/a> II\/4+ 100m<\/li>\r\n<\/ul>\r\n<p><strong>Chisagu\u00e9s<\/strong><\/p>\r\n<ul>\r\n<li><a href=\"https:\/\/www.valpineta.eu\/fr\/escaladedeglace\/hielonexia\/\">Hielonexia<\/a> I\/2 40m<\/li>\r\n<li><a href=\"https:\/\/www.valpineta.eu\/fr\/escaladedeglace\/els-elfics\/\">Cascada dels Elfics<\/a> II\/3+ 450m<\/li>\r\n<\/ul>\r\n","protected":false},"excerpt":{"rendered":"<p>Cascades dans la vall\u00e9e de Chisag\u00fc\u00e9s La vall\u00e9e du Real est parall\u00e8le \u00e0 celle de Pineta. Au Nord. Moins profonde et prot\u00e9g\u00e9e par des sommets plus modestes, elle compte aussi moins de cascades. Elle propose toutefois d\u2019un large \u00e9ventail de possibilit\u00e9s en difficult\u00e9s et d\u00e9nivel\u00e9s. L\u2019approche moyenne est de moins d\u2019une heure, avec un faible&hellip;<\/p>\n","protected":false},"author":2,"featured_media":2582,"parent":0,"menu_order":0,"comment_status":"closed","ping_status":"closed","template":"","meta":{"footnotes":""},"yoast_head":"<!-- This site is optimized with the Yoast SEO plugin v24.5 - https:\/\/yoast.com\/wordpress\/plugins\/seo\/ -->\n<title>Cascades dans la vall\u00e9e de Chisagu\u00e9s - Refugio Pineta (Valpineta)<\/title>\n<meta name=\"description\" content=\"Escaladade de glace dans la vall\u00e9e de Chisag\u00fc\u00e8s. Diff\u00e9rentes difficult\u00e9s et d\u00e9nivel\u00e9s vari\u00e9s pour une approximation g\u00e9n\u00e9ralement inf\u00e9rieure \u00e0 1 heure.\" \/>\n<meta name=\"robots\" content=\"index, follow, max-snippet:-1, max-image-preview:large, max-video-preview:-1\" \/>\n<link rel=\"canonical\" href=\"https:\/\/www.valpineta.eu\/fr\/cascades-dans-la-vallee-de-chisagues\/\" \/>\n<meta property=\"og:locale\" content=\"fr_FR\" \/>\n<meta property=\"og:type\" content=\"article\" \/>\n<meta property=\"og:title\" content=\"Cascades dans la vall\u00e9e de Chisagu\u00e9s - Refugio Pineta (Valpineta)\" \/>\n<meta property=\"og:description\" content=\"Escaladade de glace dans la vall\u00e9e de Chisag\u00fc\u00e8s. Diff\u00e9rentes difficult\u00e9s et d\u00e9nivel\u00e9s vari\u00e9s pour une approximation g\u00e9n\u00e9ralement inf\u00e9rieure \u00e0 1 heure.\" \/>\n<meta property=\"og:url\" content=\"https:\/\/www.valpineta.eu\/fr\/cascades-dans-la-vallee-de-chisagues\/\" \/>\n<meta property=\"og:site_name\" content=\"Refugio Pineta (Valpineta)\" \/>\n<meta property=\"article:publisher\" content=\"https:\/\/www.facebook.com\/Refugio-d-Pineta-1689373461292734\/\" \/>\n<meta property=\"article:modified_time\" content=\"2019-12-10T15:40:47+00:00\" \/>\n<meta property=\"og:image\" content=\"https:\/\/www.valpineta.eu\/wp-content\/uploads\/2019\/09\/HIELO-6.jpg\" \/>\n\t<meta property=\"og:image:width\" content=\"1920\" \/>\n\t<meta property=\"og:image:height\" content=\"400\" \/>\n\t<meta property=\"og:image:type\" content=\"image\/jpeg\" \/>\n<meta name=\"twitter:card\" content=\"summary_large_image\" \/>\n<meta name=\"twitter:label1\" content=\"Dur\u00e9e de lecture estim\u00e9e\" \/>\n\t<meta name=\"twitter:data1\" content=\"1 minute\" \/>\n<script type=\"application\/ld+json\" class=\"yoast-schema-graph\">{\"@context\":\"https:\/\/schema.org\",\"@graph\":[{\"@type\":\"WebPage\",\"@id\":\"https:\/\/www.valpineta.eu\/fr\/cascades-dans-la-vallee-de-chisagues\/\",\"url\":\"https:\/\/www.valpineta.eu\/fr\/cascades-dans-la-vallee-de-chisagues\/\",\"name\":\"Cascades dans la vall\u00e9e de Chisagu\u00e9s - Refugio Pineta (Valpineta)\",\"isPartOf\":{\"@id\":\"https:\/\/www.valpineta.eu\/#website\"},\"primaryImageOfPage\":{\"@id\":\"https:\/\/www.valpineta.eu\/fr\/cascades-dans-la-vallee-de-chisagues\/#primaryimage\"},\"image\":{\"@id\":\"https:\/\/www.valpineta.eu\/fr\/cascades-dans-la-vallee-de-chisagues\/#primaryimage\"},\"thumbnailUrl\":\"https:\/\/www.valpineta.eu\/wp-content\/uploads\/2019\/09\/HIELO-6.jpg\",\"datePublished\":\"2019-09-28T23:13:49+00:00\",\"dateModified\":\"2019-12-10T15:40:47+00:00\",\"description\":\"Escaladade de glace dans la vall\u00e9e de Chisag\u00fc\u00e8s. Diff\u00e9rentes difficult\u00e9s et d\u00e9nivel\u00e9s vari\u00e9s pour une approximation g\u00e9n\u00e9ralement inf\u00e9rieure \u00e0 1 heure.\",\"breadcrumb\":{\"@id\":\"https:\/\/www.valpineta.eu\/fr\/cascades-dans-la-vallee-de-chisagues\/#breadcrumb\"},\"inLanguage\":\"fr-FR\",\"potentialAction\":[{\"@type\":\"ReadAction\",\"target\":[\"https:\/\/www.valpineta.eu\/fr\/cascades-dans-la-vallee-de-chisagues\/\"]}]},{\"@type\":\"ImageObject\",\"inLanguage\":\"fr-FR\",\"@id\":\"https:\/\/www.valpineta.eu\/fr\/cascades-dans-la-vallee-de-chisagues\/#primaryimage\",\"url\":\"https:\/\/www.valpineta.eu\/wp-content\/uploads\/2019\/09\/HIELO-6.jpg\",\"contentUrl\":\"https:\/\/www.valpineta.eu\/wp-content\/uploads\/2019\/09\/HIELO-6.jpg\",\"width\":1920,\"height\":400},{\"@type\":\"BreadcrumbList\",\"@id\":\"https:\/\/www.valpineta.eu\/fr\/cascades-dans-la-vallee-de-chisagues\/#breadcrumb\",\"itemListElement\":[{\"@type\":\"ListItem\",\"position\":1,\"name\":\"Accueil\",\"item\":\"https:\/\/www.valpineta.eu\/fr\/\"},{\"@type\":\"ListItem\",\"position\":2,\"name\":\"Cascades dans la vall\u00e9e de Chisagu\u00e9s\"}]},{\"@type\":\"WebSite\",\"@id\":\"https:\/\/www.valpineta.eu\/#website\",\"url\":\"https:\/\/www.valpineta.eu\/\",\"name\":\"Refugio Pineta (Valpineta)\",\"description\":\"Refugio Pineta : La porte de tes r\u00eaves, oses la franchir, et tu te trouveras\",\"publisher\":{\"@id\":\"https:\/\/www.valpineta.eu\/#organization\"},\"potentialAction\":[{\"@type\":\"SearchAction\",\"target\":{\"@type\":\"EntryPoint\",\"urlTemplate\":\"https:\/\/www.valpineta.eu\/?s={search_term_string}\"},\"query-input\":{\"@type\":\"PropertyValueSpecification\",\"valueRequired\":true,\"valueName\":\"search_term_string\"}}],\"inLanguage\":\"fr-FR\"},{\"@type\":\"Organization\",\"@id\":\"https:\/\/www.valpineta.eu\/#organization\",\"name\":\"Refugio Pineta\",\"url\":\"https:\/\/www.valpineta.eu\/\",\"logo\":{\"@type\":\"ImageObject\",\"inLanguage\":\"fr-FR\",\"@id\":\"https:\/\/www.valpineta.eu\/#\/schema\/logo\/image\/\",\"url\":\"https:\/\/www.valpineta.eu\/wp-content\/uploads\/2019\/12\/LOGO-copie-vert.jpg\",\"contentUrl\":\"https:\/\/www.valpineta.eu\/wp-content\/uploads\/2019\/12\/LOGO-copie-vert.jpg\",\"width\":751,\"height\":216,\"caption\":\"Refugio Pineta\"},\"image\":{\"@id\":\"https:\/\/www.valpineta.eu\/#\/schema\/logo\/image\/\"},\"sameAs\":[\"https:\/\/www.facebook.com\/Refugio-d-Pineta-1689373461292734\/\"]}]}<\/script>\n<!-- \/ Yoast SEO plugin. -->","yoast_head_json":{"title":"Cascades dans la vall\u00e9e de Chisagu\u00e9s - Refugio Pineta (Valpineta)","description":"Escaladade de glace dans la vall\u00e9e de Chisag\u00fc\u00e8s. Diff\u00e9rentes difficult\u00e9s et d\u00e9nivel\u00e9s vari\u00e9s pour une approximation g\u00e9n\u00e9ralement inf\u00e9rieure \u00e0 1 heure.","robots":{"index":"index","follow":"follow","max-snippet":"max-snippet:-1","max-image-preview":"max-image-preview:large","max-video-preview":"max-video-preview:-1"},"canonical":"https:\/\/www.valpineta.eu\/fr\/cascades-dans-la-vallee-de-chisagues\/","og_locale":"fr_FR","og_type":"article","og_title":"Cascades dans la vall\u00e9e de Chisagu\u00e9s - Refugio Pineta (Valpineta)","og_description":"Escaladade de glace dans la vall\u00e9e de Chisag\u00fc\u00e8s. Diff\u00e9rentes difficult\u00e9s et d\u00e9nivel\u00e9s vari\u00e9s pour une approximation g\u00e9n\u00e9ralement inf\u00e9rieure \u00e0 1 heure.","og_url":"https:\/\/www.valpineta.eu\/fr\/cascades-dans-la-vallee-de-chisagues\/","og_site_name":"Refugio Pineta (Valpineta)","article_publisher":"https:\/\/www.facebook.com\/Refugio-d-Pineta-1689373461292734\/","article_modified_time":"2019-12-10T15:40:47+00:00","og_image":[{"width":1920,"height":400,"url":"https:\/\/www.valpineta.eu\/wp-content\/uploads\/2019\/09\/HIELO-6.jpg","type":"image\/jpeg"}],"twitter_card":"summary_large_image","twitter_misc":{"Dur\u00e9e de lecture estim\u00e9e":"1 minute"},"schema":{"@context":"https:\/\/schema.org","@graph":[{"@type":"WebPage","@id":"https:\/\/www.valpineta.eu\/fr\/cascades-dans-la-vallee-de-chisagues\/","url":"https:\/\/www.valpineta.eu\/fr\/cascades-dans-la-vallee-de-chisagues\/","name":"Cascades dans la vall\u00e9e de Chisagu\u00e9s - Refugio Pineta (Valpineta)","isPartOf":{"@id":"https:\/\/www.valpineta.eu\/#website"},"primaryImageOfPage":{"@id":"https:\/\/www.valpineta.eu\/fr\/cascades-dans-la-vallee-de-chisagues\/#primaryimage"},"image":{"@id":"https:\/\/www.valpineta.eu\/fr\/cascades-dans-la-vallee-de-chisagues\/#primaryimage"},"thumbnailUrl":"https:\/\/www.valpineta.eu\/wp-content\/uploads\/2019\/09\/HIELO-6.jpg","datePublished":"2019-09-28T23:13:49+00:00","dateModified":"2019-12-10T15:40:47+00:00","description":"Escaladade de glace dans la vall\u00e9e de Chisag\u00fc\u00e8s. Diff\u00e9rentes difficult\u00e9s et d\u00e9nivel\u00e9s vari\u00e9s pour une approximation g\u00e9n\u00e9ralement inf\u00e9rieure \u00e0 1 heure.","breadcrumb":{"@id":"https:\/\/www.valpineta.eu\/fr\/cascades-dans-la-vallee-de-chisagues\/#breadcrumb"},"inLanguage":"fr-FR","potentialAction":[{"@type":"ReadAction","target":["https:\/\/www.valpineta.eu\/fr\/cascades-dans-la-vallee-de-chisagues\/"]}]},{"@type":"ImageObject","inLanguage":"fr-FR","@id":"https:\/\/www.valpineta.eu\/fr\/cascades-dans-la-vallee-de-chisagues\/#primaryimage","url":"https:\/\/www.valpineta.eu\/wp-content\/uploads\/2019\/09\/HIELO-6.jpg","contentUrl":"https:\/\/www.valpineta.eu\/wp-content\/uploads\/2019\/09\/HIELO-6.jpg","width":1920,"height":400},{"@type":"BreadcrumbList","@id":"https:\/\/www.valpineta.eu\/fr\/cascades-dans-la-vallee-de-chisagues\/#breadcrumb","itemListElement":[{"@type":"ListItem","position":1,"name":"Accueil","item":"https:\/\/www.valpineta.eu\/fr\/"},{"@type":"ListItem","position":2,"name":"Cascades dans la vall\u00e9e de Chisagu\u00e9s"}]},{"@type":"WebSite","@id":"https:\/\/www.valpineta.eu\/#website","url":"https:\/\/www.valpineta.eu\/","name":"Refugio Pineta (Valpineta)","description":"Refugio Pineta : La porte de tes r\u00eaves, oses la franchir, et tu te trouveras","publisher":{"@id":"https:\/\/www.valpineta.eu\/#organization"},"potentialAction":[{"@type":"SearchAction","target":{"@type":"EntryPoint","urlTemplate":"https:\/\/www.valpineta.eu\/?s={search_term_string}"},"query-input":{"@type":"PropertyValueSpecification","valueRequired":true,"valueName":"search_term_string"}}],"inLanguage":"fr-FR"},{"@type":"Organization","@id":"https:\/\/www.valpineta.eu\/#organization","name":"Refugio Pineta","url":"https:\/\/www.valpineta.eu\/","logo":{"@type":"ImageObject","inLanguage":"fr-FR","@id":"https:\/\/www.valpineta.eu\/#\/schema\/logo\/image\/","url":"https:\/\/www.valpineta.eu\/wp-content\/uploads\/2019\/12\/LOGO-copie-vert.jpg","contentUrl":"https:\/\/www.valpineta.eu\/wp-content\/uploads\/2019\/12\/LOGO-copie-vert.jpg","width":751,"height":216,"caption":"Refugio Pineta"},"image":{"@id":"https:\/\/www.valpineta.eu\/#\/schema\/logo\/image\/"},"sameAs":["https:\/\/www.facebook.com\/Refugio-d-Pineta-1689373461292734\/"]}]}},"_links":{"self":[{"href":"https:\/\/www.valpineta.eu\/fr\/wp-json\/wp\/v2\/pages\/2612"}],"collection":[{"href":"https:\/\/www.valpineta.eu\/fr\/wp-json\/wp\/v2\/pages"}],"about":[{"href":"https:\/\/www.valpineta.eu\/fr\/wp-json\/wp\/v2\/types\/page"}],"author":[{"embeddable":true,"href":"https:\/\/www.valpineta.eu\/fr\/wp-json\/wp\/v2\/users\/2"}],"replies":[{"embeddable":true,"href":"https:\/\/www.valpineta.eu\/fr\/wp-json\/wp\/v2\/comments?post=2612"}],"version-history":[{"count":19,"href":"https:\/\/www.valpineta.eu\/fr\/wp-json\/wp\/v2\/pages\/2612\/revisions"}],"predecessor-version":[{"id":5764,"href":"https:\/\/www.valpineta.eu\/fr\/wp-json\/wp\/v2\/pages\/2612\/revisions\/5764"}],"wp:featuredmedia":[{"embeddable":true,"href":"https:\/\/www.valpineta.eu\/fr\/wp-json\/wp\/v2\/media\/2582"}],"wp:attachment":[{"href":"https:\/\/www.valpineta.eu\/fr\/wp-json\/wp\/v2\/media?parent=2612"}],"curies":[{"name":"wp","href":"https:\/\/api.w.org\/{rel}","templated":true}]}}